{"id":13,"date":"2022-03-30T21:04:04","date_gmt":"2022-03-30T19:04:04","guid":{"rendered":"http:\/\/interreg24.de\/?page_id=13"},"modified":"2022-04-08T20:12:44","modified_gmt":"2022-04-08T18:12:44","slug":"willkommen","status":"publish","type":"page","link":"https:\/\/interreg24.de\/","title":{"rendered":"Willkommen"},"content":{"rendered":"\n<div class=\"wp-block-image\"><figure class=\"alignright size-full is-resized\"><img loading=\"lazy\" decoding=\"async\" src=\"https:\/\/interreg24.de\/wp-content\/uploads\/2022\/04\/\u0413\u0438\u0444\u043a\u0430-\u0441-Gifius.ru-1-2.gif\" alt=\"\" class=\"wp-image-143\" width=\"276\" height=\"412\"\/><\/figure><\/div>\n\n\n<h2><strong><span style=\"color: #b10000;\">HERZLICH WILLKOMMEN auf unserer Internetseite! <\/span><\/strong><strong><span style=\"color: #b10000;\">Wir freuen uns, dass Sie uns\u00a0 <\/span><\/strong><strong><span style=\"color: #b10000;\">besuchen!<\/span><\/strong><\/h2>\n<h3>\u00a0<\/h3>\n<h3><strong><span style=\"color: #b10000;\">Sie erfahren hier \u00fcber unseren Einsatz <\/span><\/strong><\/h3>\n<h3><strong><span style=\"color: #b10000;\">f\u00fcr<\/span><\/strong><strong><span style=\"color: #b10000;\"> betreuungsbed\u00fcrftige Menschen.<\/span><\/strong><\/h3>\n<p>\u00a0<\/p>\n\n\n<h5 class=\"has-text-align-left wp-block-heading\"> Die Versorgung von betreuungsbed\u00fcrftigen Menschen ist eine der gr\u00f6\u00dften Herausforderungen unserer Gesellschaft. Ihre Bedeutung wird im n\u00e4chsten Jahrzehnt als Folge der Bev\u00f6lkerungsstrukturentwicklung weiter dramatisch zunehmen.<br>Unsere Hilfe f\u00fcr die betroffenen Menschen ist ihre 24-Stunden-Betreuung im eigenen Zuhause durch zuverl\u00e4ssige, erfahrene und auch bezahlbare ungarische Betreuungskr\u00e4fte. <br>Unsere Betreuungskr\u00e4fte \u00fcbernehmen gerne auch hauswirtschaftliche Aufgaben.<\/h5>\n\n\n\n<p class=\"has-text-color\" style=\"color:#b10000;font-size:21px\"> <strong>Wir sind f\u00fcr Sie da, sprechen Sie uns an, und wir finden f\u00fcr Ihr Anliegen eine f\u00fcr Sie passende L\u00f6sung.<\/strong> <\/p>\n\n\n\n<h5 class=\"wp-block-heading\"><br><\/h5>\n\n\n\n<h3 class=\"wp-block-heading\"><a href=\"https:\/\/interreg24.de\/index.php\/uber-uns\/\" data-type=\"page\" data-id=\"15\">Wir \u00fcber uns<\/a><\/h3>\n","protected":false},"excerpt":{"rendered":"<p>HERZLICH WILLKOMMEN auf unserer Internetseite! Wir freuen uns, dass Sie uns\u00a0 besuchen! \u00a0 Sie erfahren hier \u00fcber unseren Einsatz f\u00fcr betreuungsbed\u00fcrftige Menschen. \u00a0 Die Versorgung von betreuungsbed\u00fcrftigen Menschen ist eine der gr\u00f6\u00dften Herausforderungen unserer Gesellschaft. Ihre Bedeutung wird im n\u00e4chsten Jahrzehnt als Folge der Bev\u00f6lkerungsstrukturentwicklung weiter dramatisch zunehmen.Unsere Hilfe f\u00fcr die betroffenen Menschen ist ihre &#8230; <a title=\"Willkommen\" class=\"read-more\" href=\"https:\/\/interreg24.de\/\" aria-label=\"More on Willkommen\">Read more<\/a><\/p>\n","protected":false},"author":1,"featured_media":0,"parent":0,"menu_order":0,"comment_status":"closed","ping_status":"closed","template":"","meta":{"footnotes":""},"class_list":["post-13","page","type-page","status-publish"],"_links":{"self":[{"href":"https:\/\/interreg24.de\/index.php\/wp-json\/wp\/v2\/pages\/13","targetHints":{"allow":["GET"]}}],"collection":[{"href":"https:\/\/interreg24.de\/index.php\/wp-json\/wp\/v2\/pages"}],"about":[{"href":"https:\/\/interreg24.de\/index.php\/wp-json\/wp\/v2\/types\/page"}],"author":[{"embeddable":true,"href":"https:\/\/interreg24.de\/index.php\/wp-json\/wp\/v2\/users\/1"}],"replies":[{"embeddable":true,"href":"https:\/\/interreg24.de\/index.php\/wp-json\/wp\/v2\/comments?post=13"}],"version-history":[{"count":10,"href":"https:\/\/interreg24.de\/index.php\/wp-json\/wp\/v2\/pages\/13\/revisions"}],"predecessor-version":[{"id":215,"href":"https:\/\/interreg24.de\/index.php\/wp-json\/wp\/v2\/pages\/13\/revisions\/215"}],"wp:attachment":[{"href":"https:\/\/interreg24.de\/index.php\/wp-json\/wp\/v2\/media?parent=13"}],"curies":[{"name":"wp","href":"https:\/\/api.w.org\/{rel}","templated":true}]}}